{"id":4855,"date":"2022-01-19T13:10:30","date_gmt":"2022-01-19T12:10:30","guid":{"rendered":"https:\/\/www.danielbucurescu.de\/?page_id=4855"},"modified":"2022-10-06T14:46:09","modified_gmt":"2022-10-06T12:46:09","slug":"daniel-bucurescu-vita","status":"publish","type":"page","link":"https:\/\/www.danielbucurescu.com\/en\/daniel-bucurescu-vita\/","title":{"rendered":"Daniel Bucurescu Vita"},"content":{"rendered":"<div data-elementor-type=\"wp-page\" data-elementor-id=\"4855\" class=\"elementor elementor-4855\" data-elementor-post-type=\"page\">\n\t\t\t\t\t\t<section class=\"elementor-section elementor-top-section elementor-element elementor-element-decff25 elementor-section-boxed elementor-section-height-default elementor-section-height-default\" data-id=\"decff25\" data-element_type=\"section\">\n\t\t\t\t\t\t<div class=\"elementor-container elementor-column-gap-default\">\n\t\t\t\t\t<div class=\"elementor-column elementor-col-100 elementor-top-column elementor-element elementor-element-0b077a3\" data-id=\"0b077a3\" data-element_type=\"column\">\n\t\t\t<div class=\"elementor-widget-wrap elementor-element-populated\">\n\t\t\t\t\t\t<div class=\"elementor-element elementor-element-51d9c07 elementor-widget elementor-widget-heading\" data-id=\"51d9c07\" data-element_type=\"widget\" id=\"news\" data-widget_type=\"heading.default\">\n\t\t\t\t<div class=\"elementor-widget-container\">\n\t\t\t\t\t<h1 class=\"elementor-heading-title elementor-size-xxl\">VITA.<\/h1>\t\t\t\t<\/div>\n\t\t\t\t<\/div>\n\t\t\t\t\t<\/div>\n\t\t<\/div>\n\t\t\t\t\t<\/div>\n\t\t<\/section>\n\t\t\t\t<section class=\"elementor-section elementor-top-section elementor-element elementor-element-43fc3a5 elementor-section-boxed elementor-section-height-default elementor-section-height-default\" data-id=\"43fc3a5\" data-element_type=\"section\">\n\t\t\t\t\t\t<div class=\"elementor-container elementor-column-gap-default\">\n\t\t\t\t\t<div class=\"elementor-column elementor-col-100 elementor-top-column elementor-element elementor-element-618562f\" data-id=\"618562f\" data-element_type=\"column\">\n\t\t\t<div class=\"elementor-widget-wrap elementor-element-populated\">\n\t\t\t\t\t\t<div class=\"elementor-element elementor-element-7899101 elementor-widget elementor-widget-image\" data-id=\"7899101\" data-element_type=\"widget\" data-widget_type=\"image.default\">\n\t\t\t\t<div class=\"elementor-widget-container\">\n\t\t\t\t\t\t\t\t\t\t\t\t\t\t\t<img fetchpriority=\"high\" decoding=\"async\" width=\"1310\" height=\"865\" src=\"https:\/\/www.danielbucurescu.de\/wp-content\/uploads\/2022\/01\/daniel-bucurescu-vita04-1.jpg\" class=\"attachment-masonry_small size-masonry_small wp-image-4862\" alt=\"\" srcset=\"https:\/\/www.danielbucurescu.com\/wp-content\/uploads\/2022\/01\/daniel-bucurescu-vita04-1.jpg 1310w, https:\/\/www.danielbucurescu.com\/wp-content\/uploads\/2022\/01\/daniel-bucurescu-vita04-1-300x198.jpg 300w, https:\/\/www.danielbucurescu.com\/wp-content\/uploads\/2022\/01\/daniel-bucurescu-vita04-1-1024x676.jpg 1024w, https:\/\/www.danielbucurescu.com\/wp-content\/uploads\/2022\/01\/daniel-bucurescu-vita04-1-768x507.jpg 768w, https:\/\/www.danielbucurescu.com\/wp-content\/uploads\/2022\/01\/daniel-bucurescu-vita04-1-740x490.jpg 740w\" sizes=\"(max-width: px) 100vw, px\" \/>\t\t\t\t\t\t\t\t\t\t\t\t\t\t\t<\/div>\n\t\t\t\t<\/div>\n\t\t\t\t\t<\/div>\n\t\t<\/div>\n\t\t\t\t\t<\/div>\n\t\t<\/section>\n\t\t\t\t<section class=\"elementor-section elementor-top-section elementor-element elementor-element-b3fce03 elementor-section-boxed elementor-section-height-default elementor-section-height-default\" data-id=\"b3fce03\" data-element_type=\"section\">\n\t\t\t\t\t\t<div class=\"elementor-container elementor-column-gap-default\">\n\t\t\t\t\t<div class=\"elementor-column elementor-col-50 elementor-top-column elementor-element elementor-element-2efe434\" data-id=\"2efe434\" data-element_type=\"column\">\n\t\t\t<div class=\"elementor-widget-wrap elementor-element-populated\">\n\t\t\t\t\t\t<div class=\"elementor-element elementor-element-e1e5fc1 elementor-widget elementor-widget-text-editor\" data-id=\"e1e5fc1\" data-element_type=\"widget\" data-widget_type=\"text-editor.default\">\n\t\t\t\t<div class=\"elementor-widget-container\">\n\t\t\t\t\t\t\t\t\t<p>Schnell nachdem Daniel Bucurescu mit 14 Jahren das Klavierspielen begann, war f\u00fcr den geb\u00fcrtigen Berliner klar: \u201eMusik \u2013 nehm ick!\u201c. Klavier studierte Daniel in Berlin, Rostock, Genf und Paris und konnte (inter-)national viele Konzerterfahrungen sammeln (z.B. in den Philharmonien Berlin und Paris, NDR Hamburg, Elbphilharmonie, Laeiszhalle, Festspiele Mecklenburg-Vorpommern). Seine Konzerte moderiert er selbst und brennt daf\u00fcr, Menschen mit seiner euphorisch lockeren Art Musik (im wahrsten Sinne des Wortes) zu vermitteln.<\/p>\n<p>Daniel arbeitet als Pianist in mehreren festen klassischen Formationen (solistisch, Klaviertrio, Lied-Duo und in Duos mit Streichern), wagt sich jedoch auch viel an ungew\u00f6hnliche und \u201eabgefahrene\u201c Projekte mit K\u00fcnstler:innen anderer Genres heran. In dem von ihm mitbegr\u00fcndeten ART-Collective .nanoflares21 konzipiert er seit 2020 interdisziplin\u00e4re Projekte mit Musik, Schauspiel und Tanz.<\/p>\n<p>In seiner k\u00fcnstlerischen Arbeit sucht Daniel stetig nach einem erweiterten KUNST-Begriff und besonders nach neuen Kontextualisierungen von KUNST und klassischer Musik: in und f\u00fcr interdisziplin\u00e4re Performances, gesellschaftliche R\u00e4ume, in seiner k\u00fcnstlerischen Forschung und als p\u00e4dagogisches Mittel f\u00fcr EDUCATION-Projekte.<\/p>\n<p>Daniels Arbeit als Kulturmanager und Projektleitung im EDUCATION-Bereich in der gemeinn\u00fctzigen Kultur- und Bildungsorganisation TONALi bis 2021 in Hamburg legte f\u00fcr ihn den Grundstein, in seiner Kunst auch vermehrt mit jungen Menschen k\u00fcnstlerisch zu arbeiten: Sein eigen konzipiertes Education-Projekt \u201eCREAT!VERY\u201c wird seit 2021 vom Deutschen Musikrat (NEUSTART Kultur) unterst\u00fctzt. Das Coaching und die k\u00fcnstlerischkreative Arbeit mit jungen Menschen erf\u00fcllt ihn sehr, was ihn daher vermehrt veranlasst, seine Projekte als freischaffender Musiker partizipativ zu gestalten. Auf diese Weise m\u00f6chte er seinem k\u00fcnstlerischen Wirken eine gesellschaftlich relevante Facette verleihen und sucht so kontinuierlich nach neuen progressiven und interdisziplin\u00e4ren Formaten, um traditionell klassische Performances kreativ aus anderen Perspektiven zu beleuchten.<\/p>\n<p><\/p>\t\t\t\t\t\t\t\t<\/div>\n\t\t\t\t<\/div>\n\t\t\t\t\t<\/div>\n\t\t<\/div>\n\t\t\t\t<div class=\"elementor-column elementor-col-50 elementor-top-column elementor-element elementor-element-44527ea\" data-id=\"44527ea\" data-element_type=\"column\">\n\t\t\t<div class=\"elementor-widget-wrap elementor-element-populated\">\n\t\t\t\t\t\t<div class=\"elementor-element elementor-element-994eb1a elementor-widget elementor-widget-text-editor\" data-id=\"994eb1a\" data-element_type=\"widget\" data-widget_type=\"text-editor.default\">\n\t\t\t\t<div class=\"elementor-widget-container\">\n\t\t\t\t\t\t\t\t\t<p>Seit Juli 2021 wird Daniel von der Claussen-Simon-Stiftung im Rahmen des stART.up- Stipendiums als einer von 14 Stipendiat:innen aus unterschiedlichen Kunstsparten gef\u00f6rdert und entwickelt hier seinen interdisziplin\u00e4ren Ansatz f\u00fcr seine Kunst weiter. Zus\u00e4tzlich ist Daniel neuer Creative Director des SOMMERCAMPUS an der hmt Rostock (Musikhochschule), in welchem er jungen aufstrebenden K\u00fcnstler:innen eine neue Plattform f\u00fcr k\u00fcnstlerische Impulse erm\u00f6glicht&#8230;<\/p><p>In seiner Freizeit interessiert sich Daniel f\u00fcr Fotografie und Sprachen, besitzt ca. 16 Paar Happy Socks (die er gerne auch auf der Konzertb\u00fchne am Fl\u00fcgel einsetzt), produziert gerne \u201eArtsy Films\u201c und ist in Hamburg immer mit seinem wei\u00dfen Vintage-Bike unterwegs. Obwohl die Musik sp\u00e4t in sein Leben trat ist Daniel Bucurescu heute ein freischaffender gl\u00fccklicher K\u00fcnstler, der seinen eigenen Weg sucht, um Kunst als frei zug\u00e4ngliches Kulturgut gesamtgesellschaftlich zu \u00f6ffnen.<\/p>\t\t\t\t\t\t\t\t<\/div>\n\t\t\t\t<\/div>\n\t\t\t\t<div class=\"elementor-element elementor-element-0089ea0 elementor-widget elementor-widget-image\" data-id=\"0089ea0\" data-element_type=\"widget\" data-widget_type=\"image.default\">\n\t\t\t\t<div class=\"elementor-widget-container\">\n\t\t\t\t\t\t\t\t\t\t\t\t\t\t\t<img decoding=\"async\" width=\"1024\" height=\"676\" src=\"https:\/\/www.danielbucurescu.com\/wp-content\/uploads\/2022\/01\/daniel-bucurescu-vita01-1024x676.jpg\" class=\"attachment-large size-large wp-image-4858\" alt=\"\" srcset=\"https:\/\/www.danielbucurescu.com\/wp-content\/uploads\/2022\/01\/daniel-bucurescu-vita01-1024x676.jpg 1024w, https:\/\/www.danielbucurescu.com\/wp-content\/uploads\/2022\/01\/daniel-bucurescu-vita01-300x198.jpg 300w, https:\/\/www.danielbucurescu.com\/wp-content\/uploads\/2022\/01\/daniel-bucurescu-vita01-768x507.jpg 768w, https:\/\/www.danielbucurescu.com\/wp-content\/uploads\/2022\/01\/daniel-bucurescu-vita01-740x490.jpg 740w, https:\/\/www.danielbucurescu.com\/wp-content\/uploads\/2022\/01\/daniel-bucurescu-vita01.jpg 1101w\" sizes=\"(max-width: 1024px) 100vw, 1024px\" \/>\t\t\t\t\t\t\t\t\t\t\t\t\t\t\t<\/div>\n\t\t\t\t<\/div>\n\t\t\t\t\t<\/div>\n\t\t<\/div>\n\t\t\t\t\t<\/div>\n\t\t<\/section>\n\t\t\t\t<\/div>","protected":false},"excerpt":{"rendered":"<p>VITA. Schnell nachdem Daniel Bucurescu mit 14 Jahren das Klavierspielen begann, war f\u00fcr den geb\u00fcrtigen Berliner klar: \u201eMusik \u2013 nehm ick!\u201c. Klavier studierte Daniel in Berlin, Rostock, Genf und Paris und konnte (inter-)national viele Konzerterfahrungen sammeln (z.B. in den Philharmonien [&hellip;]<\/p>","protected":false},"author":1,"featured_media":0,"parent":0,"menu_order":0,"comment_status":"closed","ping_status":"closed","template":"","meta":{"footnotes":""},"class_list":["post-4855","page","type-page","status-publish","hentry"],"aioseo_notices":[],"_links":{"self":[{"href":"https:\/\/www.danielbucurescu.com\/en\/wp-json\/wp\/v2\/pages\/4855","targetHints":{"allow":["GET"]}}],"collection":[{"href":"https:\/\/www.danielbucurescu.com\/en\/wp-json\/wp\/v2\/pages"}],"about":[{"href":"https:\/\/www.danielbucurescu.com\/en\/wp-json\/wp\/v2\/types\/page"}],"author":[{"embeddable":true,"href":"https:\/\/www.danielbucurescu.com\/en\/wp-json\/wp\/v2\/users\/1"}],"replies":[{"embeddable":true,"href":"https:\/\/www.danielbucurescu.com\/en\/wp-json\/wp\/v2\/comments?post=4855"}],"version-history":[{"count":38,"href":"https:\/\/www.danielbucurescu.com\/en\/wp-json\/wp\/v2\/pages\/4855\/revisions"}],"predecessor-version":[{"id":8081,"href":"https:\/\/www.danielbucurescu.com\/en\/wp-json\/wp\/v2\/pages\/4855\/revisions\/8081"}],"wp:attachment":[{"href":"https:\/\/www.danielbucurescu.com\/en\/wp-json\/wp\/v2\/media?parent=4855"}],"curies":[{"name":"wp","href":"https:\/\/api.w.org\/{rel}","templated":true}]}}